{"id":4974,"date":"2025-07-28T08:49:07","date_gmt":"2025-07-28T08:49:07","guid":{"rendered":"https:\/\/opusfutura.is\/?page_id=4974"},"modified":"2025-08-18T10:35:21","modified_gmt":"2025-08-18T10:35:21","slug":"home-new","status":"publish","type":"page","link":"https:\/\/opusfutura.is\/en\/","title":{"rendered":"Home new"},"content":{"rendered":"<!--themify_builder_content-->\n<div id=\"themify_builder_content-4974\" data-postid=\"4974\" class=\"themify_builder_content themify_builder_content-4974 themify_builder tf_clear\">\n                    <div  data-desktop-padding=\"20px,20px\" data-css_id=\"r3c388\" data-lazy=\"1\" class=\"module_row themify_builder_row fullwidth_row_container tb_r3c388 tb_first tf_w\">\n                        <div class=\"row_inner col_align_top tb_col_count_2 tf_box tf_rel\">\n                        <div  data-lazy=\"1\" class=\"module_column tb-column col4-2 tb_443588 first\">\n                    <!-- module text -->\n<div  class=\"module module-text tb_0j92524   \" data-lazy=\"1\">\n        <div  class=\"tb_text_wrap\">\n        <h1>We bring you the future.<\/h1>\n<p><span style=\"font-weight: 400;\">By using Opus Futura, you reach individuals who have the right qualities for your workplace, whether they are actively looking for a job or are not generally applying for jobs. Our system brings you only those who best meet the requirements of the job and collects reviews about them in an automated and professional way. With Opus Futura, you can significantly shorten the recruitment process, increase the quality of recruitment and save yourself a lot of time and costs.<br \/>\n<\/span><\/p>\n    <\/div>\n<\/div>\n<!-- \/module text --><!-- module buttons -->\n<div  class=\"module module-buttons tb_le7n439 buttons-horizontal outline   rounded\" data-lazy=\"1\">\n        <div class=\"module-buttons-item tf_in_flx\">\n                        <a href=\"https:\/\/meetings-eu1.hubspot.com\/opusfutura\/kynning\" class=\"ui builder_button tf_in_flx themify_lightbox green\" >\n                                                Get a demo                                        <\/a>\n                <\/div>\n            <\/div>\n<!-- \/module buttons -->\n        <\/div>\n                    <div  data-lazy=\"1\" class=\"module_column tb-column col4-2 tb_k61688 last\">\n                    <!-- module video -->\n<div  class=\"module module-video tb_arap225 video-top  video-autoplay\" data-lazy=\"1\">\n                    <div class=\"video-wrap-outer\" style=\"max-width:500px\">\n            <div class=\"video-wrap tf_rel tf_overflow tf_local_video\">\n                \n                    \n                    <div style=\"width: 640px;\" class=\"wp-video\"><video class=\"wp-video-shortcode\" id=\"video-4974-1\" width=\"640\" height=\"360\" autoplay preload=\"metadata\" controls=\"controls\"><source type=\"video\/mp4\" src=\"https:\/\/opusfutura.is\/wp-content\/uploads\/2025\/08\/Opus-Herdis-vefsida-1x1-1.mp4?_=1\" \/><a href=\"https:\/\/opusfutura.is\/wp-content\/uploads\/2025\/08\/Opus-Herdis-vefsida-1x1-1.mp4\">https:\/\/opusfutura.is\/wp-content\/uploads\/2025\/08\/Opus-Herdis-vefsida-1x1-1.mp4<\/a><\/video><\/div>\n                    \n                                <\/div>\n            <!-- \/video-wrap -->\n        <\/div>\n        <!-- \/video-wrap-outer -->\n            <\/div>\n        <\/div>\n                        <\/div>\n        <\/div>\n                        <div  data-css_id=\"2lpe801\" data-lazy=\"1\" class=\"module_row themify_builder_row fullwidth_row_container tb_2lpe801 tf_w\">\n                        <div class=\"row_inner col_align_top tb_col_count_1 tf_box tf_rel\">\n                        <div  data-lazy=\"1\" class=\"module_column tb-column col-full tb_0q1j722 first\">\n                            <div  data-lazy=\"1\" class=\"module_subrow themify_builder_sub_row tf_w col_align_top tb_col_count_1 tb_p37m088\">\n                <div  data-lazy=\"1\" class=\"module_column sub_column col-full tb_r274007 first\">\n                    <!-- module text -->\n<div  class=\"module module-text tb_67yu700   \" data-lazy=\"1\">\n        <div  class=\"tb_text_wrap\">\n        <h3 style=\"text-align: center;\">Examples of active jobs<\/h3>    <\/div>\n<\/div>\n<!-- \/module text --><!-- module plain text -->\n<div  class=\"module module-plain-text tb_xcze331 \" data-lazy=\"1\">\n        <div class=\"tb_text_wrap\">\n    <div class=\"job-container\">\n\t<div id=\"job-list-active\" class=\"job-listings\">\n\t<\/div>\n<\/div>\n\n<script>\nasync function featchActiveJobs() {\n\ttry {\n\t\tconst response = await fetch('https:\/\/workplace.opusfutura.com\/Advert\/JobList\/?status=active&lang=is');\n\t\tif (!response.ok) {\n\t\t\tthrow new Error(`HTTP error! status: ${response.status}`);\n\t\t}\n\t\tconst html = await response.text();\n\t\tdocument.getElementById('job-list-active').innerHTML = html;\n\t} catch (error) {\n\t\tconsole.error('Failed to load HTML:', error);\n\t}\n}\n\t\nwindow.addEventListener('load', featchActiveJobs);\n<\/script>    <\/div>\n<\/div>\n<!-- \/module plain text -->        <\/div>\n                    <\/div>\n                <div  data-lazy=\"1\" class=\"module_subrow themify_builder_sub_row tf_w col_align_top gutter-narrow tb_col_count_2 tb_cm61020\">\n                <div  data-lazy=\"1\" class=\"module_column sub_column tb_izyg000 first\">\n                    <!-- module text -->\n<div  class=\"module module-text tb_lr5i282   \" data-lazy=\"1\">\n        <div  class=\"tb_text_wrap\">\n        <p>Talents<\/p><h1>We welcome your registration!<\/h1><p><span style=\"font-weight: 400;\">By signing up on Opus Futura, you will automatically be considered for all jobs defined in the solution.<br \/>No application process, cover letter or uncertainty about who is looking at your data. On Opus Futura, we never show your personal information such as name, gender, age, places of work etc. until you agree to be considered for a job you are paired with. Why should you not accept to be considered for the next job opportunity that meets your requirements and expectations? Our goal is to ensure that no opportunity passes you by as we protect your privacy.<br \/><\/span><\/p>    <\/div>\n<\/div>\n<!-- \/module text --><!-- module buttons -->\n<div  class=\"module module-buttons tb_7k0h000 buttons-horizontal outline   rounded\" data-lazy=\"1\">\n        <div class=\"module-buttons-item tf_in_flx\">\n                        <a href=\"https:\/\/talent.opusfutura.com\/Account\/Register\" class=\"ui builder_button tf_in_flx green\" target=\"_blank\" rel=\"noopener\">\n                                                Registration                                        <\/a>\n                <\/div>\n            <\/div>\n<!-- \/module buttons -->\n        <\/div>\n                    <div  data-lazy=\"1\" class=\"module_column sub_column tb_auok220 last\">\n                    <!-- module image -->\n<div  class=\"module module-image tb_snpl070 image-top   tf_mw\" data-lazy=\"1\">\n        <div class=\"image-wrap tf_rel tf_mw\">\n            <img decoding=\"async\" src=\"https:\/\/opusfutura.is\/wp-content\/uploads\/2024\/05\/OpusFutura-Myndskreytingar-talentpool.svg\" width=\"565\" class=\"wp-post-image wp-image-1116\" title=\"OpusFutura-Myndskreytingar-talentpool\" alt=\"OpusFutura-Myndskreytingar-talentpool\">    \n        <\/div>\n    <!-- \/image-wrap -->\n    \n        <\/div>\n<!-- \/module image -->        <\/div>\n                    <\/div>\n                <\/div>\n                        <\/div>\n        <\/div>\n                        <div  data-css_id=\"o6zy272\" data-lazy=\"1\" class=\"module_row themify_builder_row fullwidth_row_container tb_o6zy272 tf_w\">\n                        <div class=\"row_inner col_align_top tb_col_count_1 tf_box tf_rel\">\n                        <div  data-lazy=\"1\" class=\"module_column tb-column col-full tb_moso272 first\">\n                            <div  data-lazy=\"1\" class=\"module_subrow themify_builder_sub_row tf_w col_align_middle tb_col_count_2 tb_pr6i240\">\n                <div  data-lazy=\"1\" class=\"module_column sub_column tb_oqm7408 first\">\n                    <!-- module video -->\n<div  class=\"module module-video tb_69ix694 video-top  \" data-lazy=\"1\">\n                    <div class=\"video-wrap-outer\">\n            <div class=\"video-wrap tf_rel tf_overflow tf_local_video\">\n                \n                    \n                    <div style=\"width: 640px;\" class=\"wp-video\"><video class=\"wp-video-shortcode\" id=\"video-4974-2\" width=\"640\" height=\"360\" preload=\"metadata\" controls=\"controls\"><source type=\"video\/mp4\" src=\"https:\/\/opusfutura.is\/wp-content\/uploads\/2025\/07\/fastland-1x1-v1.mp4?_=2\" \/><a href=\"https:\/\/opusfutura.is\/wp-content\/uploads\/2025\/07\/fastland-1x1-v1.mp4\">https:\/\/opusfutura.is\/wp-content\/uploads\/2025\/07\/fastland-1x1-v1.mp4<\/a><\/video><\/div>\n                    \n                                <\/div>\n            <!-- \/video-wrap -->\n        <\/div>\n        <!-- \/video-wrap-outer -->\n            <\/div>\n        <\/div>\n                    <div  data-lazy=\"1\" class=\"module_column sub_column tb_eoo0097 last\">\n                    <!-- module text -->\n<div  class=\"module module-text tb_qo2u070   \" data-lazy=\"1\">\n        <div  class=\"tb_text_wrap\">\n        <h2><span style=\"font-family: Poppins; font-size: 40.656px; letter-spacing: -0.5082px; white-space-collapse: preserve;\">What do customers say?<\/span><\/h2>\n<p>Fastland has good experience using Opus Futura and has hired 2 employees through the solution and is adding a third. \u201cThis is a huge time saver, we don\u2019t have to screen out applicants who don\u2019t meet our job requirements,\u201d says Fastland\u2019s Managing Director Silja D\u00f6gg \u00d3svalsd\u00f3ttir.<\/p>\n    <\/div>\n<\/div>\n<!-- \/module text --><!-- module buttons -->\n<div  class=\"module module-buttons tb_r4vs707 buttons-horizontal outline   rounded\" data-lazy=\"1\">\n        <div class=\"module-buttons-item tf_in_flx\">\n                        <a href=\"https:\/\/meetings-eu1.hubspot.com\/opusfutura\/kynning\" class=\"ui builder_button tf_in_flx themify_lightbox green\" >\n                                                Get a demo                                        <\/a>\n                <\/div>\n            <\/div>\n<!-- \/module buttons -->\n        <\/div>\n                    <\/div>\n        <!-- module text -->\n<div  class=\"module module-text tb_cih6020   \" data-lazy=\"1\">\n        <div  class=\"tb_text_wrap\">\n        <h3 style=\"text-align: center;\">The progressive workplaces are on Opus Futura<\/h3>\n    <\/div>\n<\/div>\n<!-- \/module text --><!-- module plain text -->\n<div  class=\"module module-plain-text tb_tzre100 \" data-lazy=\"1\">\n        <div class=\"tb_text_wrap\">\n    <div id=\"WorkplaceLogo\" class=\"marquee-container\">\n<\/div>\n\n<script>\nasync function featchWorkplaceLogos() {\n\ttry {\n\t\tconst response = await fetch('https:\/\/workplace.opusfutura.com\/Advert\/WorkplacesLogosList');\n\t\tif (!response.ok) {\n\t\t\tthrow new Error(`HTTP error! status: ${response.status}`);\n\t\t}\n\t\tconst html = await response.text();\n\t\tdocument.getElementById('WorkplaceLogo').innerHTML = html;\n\t\tconst marquee = document.querySelector(\".marquee\");\n\t\tconst images = marquee.querySelectorAll(\"img\");\n\t\timages.forEach(img => {\n\t\t  const clone = img.cloneNode(true);\n\t\t  marquee.appendChild(clone);\n    \t});\n\t} catch (error) {\n\t\tconsole.error('Failed to load HTML:', error);\n\t}\n}\n\t\nwindow.addEventListener('load', featchWorkplaceLogos);\n<\/script>    <\/div>\n<\/div>\n<!-- \/module plain text -->        <\/div>\n                        <\/div>\n        <\/div>\n                        <div  data-desktop-padding=\"20px,20px\" data-css_id=\"45c0879\" data-lazy=\"1\" class=\"module_row themify_builder_row fullwidth_row_container tb_45c0879 tf_w\">\n                        <div class=\"row_inner col_align_top tb_col_count_1 tf_box tf_rel\">\n                        <div  data-lazy=\"1\" class=\"module_column tb-column col-full tb_0zdb879 first\">\n                            <div  data-lazy=\"1\" class=\"module_subrow themify_builder_sub_row tf_w col_align_top tb_col_count_1 tb_7i0n022\">\n                <div  data-lazy=\"1\" class=\"module_column sub_column col-full tb_q9zp203 first\">\n                    <!-- module text -->\n<div  class=\"module module-text tb_ljij200   \" data-lazy=\"1\">\n        <div  class=\"tb_text_wrap\">\n        <h2 style=\"text-align: center;\">Why Opus Futura?<\/h2>\n    <\/div>\n<\/div>\n<!-- \/module text -->        <\/div>\n                    <\/div>\n                <div  data-lazy=\"1\" class=\"module_subrow themify_builder_sub_row tf_w col_align_top tb_col_count_3 tb_oo5q004\">\n                <div  data-lazy=\"1\" class=\"module_column sub_column col3-1 tb_rnve680 first\">\n                    <!-- module image -->\n<div  class=\"module module-image tb_jas5700 image-center   tf_mw\" data-lazy=\"1\">\n        <div class=\"image-wrap tf_rel tf_mw\">\n            <img decoding=\"async\" src=\"https:\/\/opusfutura.is\/wp-content\/uploads\/2024\/05\/OpusFutura-O-icon.svg\" width=\"30\" class=\"wp-post-image wp-image-1141\" title=\"Automated Platform\" alt=\"Opus Futura is an advanced and automated platform for individuals and workplaces to match on what matters.\">    \n        <\/div>\n    <!-- \/image-wrap -->\n    \n        <div class=\"image-content\">\n                    <h3 class=\"image-title\">\n                                    Automated Platform                            <\/h3>\n                        <div class=\"image-caption tb_text_wrap\">\n            Opus Futura is an advanced and automated platform for individuals and workplaces to match on what matters.        <\/div>\n        <!-- \/image-caption -->\n            <\/div>\n    <!-- \/image-content -->\n        <\/div>\n<!-- \/module image -->        <\/div>\n                    <div  data-lazy=\"1\" class=\"module_column sub_column col3-1 tb_njfk000\">\n                    <!-- module image -->\n<div  class=\"module module-image tb_i3mo000 image-center   tf_mw\" data-lazy=\"1\">\n        <div class=\"image-wrap tf_rel tf_mw\">\n            <img decoding=\"async\" src=\"https:\/\/opusfutura.is\/wp-content\/uploads\/2024\/05\/OpusFutura-O-icon.svg\" width=\"30\" class=\"wp-post-image wp-image-1141\" title=\"Match on what matters\" alt=\"We know that for a good match you need to go deeper than people\u2019s degrees and years of experience.\">    \n        <\/div>\n    <!-- \/image-wrap -->\n    \n        <div class=\"image-content\">\n                    <h3 class=\"image-title\">\n                                    Match on what matters                            <\/h3>\n                        <div class=\"image-caption tb_text_wrap\">\n            We know that for a good match you need to go deeper than people\u2019s degrees and years of experience.        <\/div>\n        <!-- \/image-caption -->\n            <\/div>\n    <!-- \/image-content -->\n        <\/div>\n<!-- \/module image -->        <\/div>\n                    <div  data-lazy=\"1\" class=\"module_column sub_column col3-1 tb_1yi8277 last\">\n                    <!-- module image -->\n<div  class=\"module module-image tb_5r6r472 image-center   tf_mw\" data-lazy=\"1\">\n        <div class=\"image-wrap tf_rel tf_mw\">\n            <img decoding=\"async\" src=\"https:\/\/opusfutura.is\/wp-content\/uploads\/2024\/05\/OpusFutura-O-icon.svg\" width=\"30\" class=\"wp-post-image wp-image-1141\" title=\"Time and quality\" alt=\"With our solution it takes a shorter time to hire and the quality of the hire will be way better.\">    \n        <\/div>\n    <!-- \/image-wrap -->\n    \n        <div class=\"image-content\">\n                    <h3 class=\"image-title\">\n                                    Time and quality                            <\/h3>\n                        <div class=\"image-caption tb_text_wrap\">\n            With our solution it takes a shorter time to hire and the quality of the hire will be way better.        <\/div>\n        <!-- \/image-caption -->\n            <\/div>\n    <!-- \/image-content -->\n        <\/div>\n<!-- \/module image -->        <\/div>\n                    <\/div>\n                <\/div>\n                        <\/div>\n        <\/div>\n                        <div  data-lazy=\"1\" class=\"module_row themify_builder_row tb_b3gg040 tf_w\">\n                        <div class=\"row_inner col_align_top tb_col_count_1 tf_box tf_rel\">\n                        <div  data-lazy=\"1\" class=\"module_column tb-column col-full tb_qeny720 first\">\n                            <div  data-lazy=\"1\" class=\"module_subrow themify_builder_sub_row tf_w col_align_middle tb_col_count_2 tb_63ro050\">\n                <div  data-lazy=\"1\" class=\"module_column sub_column col4-2 tb_6h8d055 first\">\n                    <!-- module text -->\n<div  class=\"module module-text tb_3j9g560   \" data-lazy=\"1\">\n        <div  class=\"tb_text_wrap\">\n        <h2 class=\"font-weight-600\">Stay tuned!<\/h2>\n<p>Sign up for our mailing list and get updates from us at Opus Futura.<br \/>\nWe regularly draw winners who receive a free personality test and a private coaching session<\/p>\n    <\/div>\n<\/div>\n<!-- \/module text --><!-- module buttons -->\n<div  class=\"module module-buttons tb_h158200 buttons-horizontal outline   rounded\" data-lazy=\"1\">\n        <div class=\"module-buttons-item tf_in_flx\">\n                        <a href=\"http:\/\/opusfutura.is\/newsletter\/\" class=\"ui builder_button tf_in_flx green\" >\n                                                Newsletter for talents                                        <\/a>\n                <\/div>\n            <\/div>\n<!-- \/module buttons -->\n        <\/div>\n                    <div  data-lazy=\"1\" class=\"module_column sub_column col4-2 tb_6lus209 last\">\n                    <!-- module image -->\n<div  class=\"module module-image tb_0uou676 image-top   tf_mw\" data-lazy=\"1\">\n        <div class=\"image-wrap tf_rel tf_mw\">\n            <img decoding=\"async\" src=\"https:\/\/opusfutura.is\/wp-content\/uploads\/2024\/05\/OpusFutura-Myndskreytingar-jobfind.svg\" width=\"500\" class=\"wp-post-image wp-image-1095\" title=\"OpusFutura-Myndskreytingar-jobfind\" alt=\"OpusFutura-Myndskreytingar-jobfind\">    \n        <\/div>\n    <!-- \/image-wrap -->\n    \n        <\/div>\n<!-- \/module image -->        <\/div>\n                    <\/div>\n                <\/div>\n                        <\/div>\n        <\/div>\n        <\/div>\n<!--\/themify_builder_content-->","protected":false},"excerpt":{"rendered":"<p>We bring you the future. By using Opus Futura, you reach individuals who have the right qualities for your workplace, whether they are actively looking for a job or are not generally applying for jobs. Our system brings you only those who best meet the requirements of the job and collects reviews about them in [&hellip;]<\/p>\n","protected":false},"author":10,"featured_media":0,"parent":0,"menu_order":0,"comment_status":"closed","ping_status":"closed","template":"","meta":{"footnotes":""},"class_list":["post-4974","page","type-page","status-publish","hentry","has-post-title","has-post-date","has-post-category","has-post-tag","has-post-comment","has-post-author",""],"builder_content":"<h1>We bring you the future.<\/h1> <p>By using Opus Futura, you reach individuals who have the right qualities for your workplace, whether they are actively looking for a job or are not generally applying for jobs. Our system brings you only those who best meet the requirements of the job and collects reviews about them in an automated and professional way. With Opus Futura, you can significantly shorten the recruitment process, increase the quality of recruitment and save yourself a lot of time and costs.<br \/> <\/p>\n<a href=\"https:\/\/meetings-eu1.hubspot.com\/opusfutura\/kynning\" > Get a demo <\/a>\n[video src=\"https:\/\/opusfutura.is\/wp-content\/uploads\/2025\/08\/Opus-Herdis-vefsida-1x1-1.mp4\" width=\"2160\" height=\"2160\"][\/video]\n<h3 style=\"text-align: center;\">Examples of active jobs<\/h3>\n\n<p>Talents<\/p><h1>We welcome your registration!<\/h1><p>By signing up on Opus Futura, you will automatically be considered for all jobs defined in the solution.<br \/>No application process, cover letter or uncertainty about who is looking at your data. On Opus Futura, we never show your personal information such as name, gender, age, places of work etc. until you agree to be considered for a job you are paired with. Why should you not accept to be considered for the next job opportunity that meets your requirements and expectations? Our goal is to ensure that no opportunity passes you by as we protect your privacy.<br \/><\/p>\n<a href=\"https:\/\/talent.opusfutura.com\/Account\/Register\" target=\"_blank\" rel=\"noopener\"> Registration <\/a>\n<img src=\"https:\/\/opusfutura.is\/wp-content\/uploads\/2024\/05\/OpusFutura-Myndskreytingar-talentpool.svg\" width=\"565\" title=\"OpusFutura-Myndskreytingar-talentpool\" alt=\"OpusFutura-Myndskreytingar-talentpool\">\n[video src=\"https:\/\/opusfutura.is\/wp-content\/uploads\/2025\/07\/fastland-1x1-v1.mp4\" width=\"2160\" height=\"2160\"][\/video]\n<h2>What do customers say?<\/h2> <p>Fastland has good experience using Opus Futura and has hired 2 employees through the solution and is adding a third. \u201cThis is a huge time saver, we don\u2019t have to screen out applicants who don\u2019t meet our job requirements,\u201d says Fastland\u2019s Managing Director Silja D\u00f6gg \u00d3svalsd\u00f3ttir.<\/p>\n<a href=\"https:\/\/meetings-eu1.hubspot.com\/opusfutura\/kynning\" > Get a demo <\/a>\n<h3 style=\"text-align: center;\">The progressive workplaces are on Opus Futura<\/h3>\n\n<h2 style=\"text-align: center;\">Why Opus Futura?<\/h2>\n<img src=\"https:\/\/opusfutura.is\/wp-content\/uploads\/2024\/05\/OpusFutura-O-icon.svg\" width=\"30\" title=\"Automated Platform\" alt=\"Opus Futura is an advanced and automated platform for individuals and workplaces to match on what matters.\"> <h3> Automated Platform <\/h3> Opus Futura is an advanced and automated platform for individuals and workplaces to match on what matters.\n<img src=\"https:\/\/opusfutura.is\/wp-content\/uploads\/2024\/05\/OpusFutura-O-icon.svg\" width=\"30\" title=\"Match on what matters\" alt=\"We know that for a good match you need to go deeper than people\u2019s degrees and years of experience.\"> <h3> Match on what matters <\/h3> We know that for a good match you need to go deeper than people\u2019s degrees and years of experience.\n<img src=\"https:\/\/opusfutura.is\/wp-content\/uploads\/2024\/05\/OpusFutura-O-icon.svg\" width=\"30\" title=\"Time and quality\" alt=\"With our solution it takes a shorter time to hire and the quality of the hire will be way better.\"> <h3> Time and quality <\/h3> With our solution it takes a shorter time to hire and the quality of the hire will be way better.\n<h2>Stay tuned!<\/h2> <p>Sign up for our mailing list and get updates from us at Opus Futura.<br \/> We regularly draw winners who receive a free personality test and a private coaching session<\/p>\n<a href=\"http:\/\/opusfutura.is\/newsletter\/\" > Newsletter for talents <\/a>\n<img src=\"https:\/\/opusfutura.is\/wp-content\/uploads\/2024\/05\/OpusFutura-Myndskreytingar-jobfind.svg\" width=\"500\" title=\"OpusFutura-Myndskreytingar-jobfind\" alt=\"OpusFutura-Myndskreytingar-jobfind\">","_links":{"self":[{"href":"https:\/\/opusfutura.is\/en\/wp-json\/wp\/v2\/pages\/4974","targetHints":{"allow":["GET"]}}],"collection":[{"href":"https:\/\/opusfutura.is\/en\/wp-json\/wp\/v2\/pages"}],"about":[{"href":"https:\/\/opusfutura.is\/en\/wp-json\/wp\/v2\/types\/page"}],"author":[{"embeddable":true,"href":"https:\/\/opusfutura.is\/en\/wp-json\/wp\/v2\/users\/10"}],"replies":[{"embeddable":true,"href":"https:\/\/opusfutura.is\/en\/wp-json\/wp\/v2\/comments?post=4974"}],"version-history":[{"count":17,"href":"https:\/\/opusfutura.is\/en\/wp-json\/wp\/v2\/pages\/4974\/revisions"}],"predecessor-version":[{"id":5022,"href":"https:\/\/opusfutura.is\/en\/wp-json\/wp\/v2\/pages\/4974\/revisions\/5022"}],"wp:attachment":[{"href":"https:\/\/opusfutura.is\/en\/wp-json\/wp\/v2\/media?parent=4974"}],"curies":[{"name":"wp","href":"https:\/\/api.w.org\/{rel}","templated":true}]}}